{"id":13,"date":"2024-04-03T07:09:14","date_gmt":"2024-04-03T07:09:14","guid":{"rendered":"https:\/\/omakukka.fi\/?page_id=13"},"modified":"2024-12-15T14:57:38","modified_gmt":"2024-12-15T14:57:38","slug":"etusivu","status":"publish","type":"page","link":"https:\/\/omakukka.fi\/","title":{"rendered":"ETUSIVU"},"content":{"rendered":"\t\t<div data-elementor-type=\"wp-page\" data-elementor-id=\"13\" class=\"elementor elementor-13\" data-elementor-post-type=\"page\">\n\t\t\t\t<div class=\"elementor-element elementor-element-554ea0d e-flex e-con-boxed elementor-invisible e-con e-parent\" data-id=\"554ea0d\" data-element_type=\"container\" data-e-type=\"container\" data-settings=\"{&quot;animation&quot;:&quot;fadeIn&quot;}\">\n\t\t\t\t\t<div class=\"e-con-inner\">\n\t\t\t\t<div class=\"elementor-element elementor-element-6a8571c elementor-widget elementor-widget-video\" data-id=\"6a8571c\" data-element_type=\"widget\" data-e-type=\"widget\" data-settings=\"{&quot;video_type&quot;:&quot;hosted&quot;,&quot;autoplay&quot;:&quot;yes&quot;,&quot;play_on_mobile&quot;:&quot;yes&quot;,&quot;mute&quot;:&quot;yes&quot;,&quot;loop&quot;:&quot;yes&quot;}\" data-widget_type=\"video.default\">\n\t\t\t\t<div class=\"elementor-widget-container\">\n\t\t\t\t\t\t\t<div class=\"e-hosted-video elementor-wrapper elementor-open-inline\">\n\t\t\t\t\t<video class=\"elementor-video\" src=\"https:\/\/omakukka.fi\/wp-content\/uploads\/2024\/04\/OMAKUKKA_NELIO_30.mp4\" autoplay=\"\" loop=\"\" muted=\"muted\" playsinline=\"\" controlsList=\"nodownload\"><\/video>\n\t\t\t\t<\/div>\n\t\t\t\t\t\t<\/div>\n\t\t\t\t<\/div>\n\t\t\t\t\t<\/div>\n\t\t\t\t<\/div>\n\t\t<div class=\"elementor-element elementor-element-3d7a994 animated-slow e-flex e-con-boxed elementor-invisible e-con e-parent\" data-id=\"3d7a994\" data-element_type=\"container\" data-e-type=\"container\" data-settings=\"{&quot;animation&quot;:&quot;fadeIn&quot;}\">\n\t\t\t\t\t<div class=\"e-con-inner\">\n\t\t<div class=\"elementor-element elementor-element-b6393d5 e-flex e-con-boxed e-con e-child\" data-id=\"b6393d5\" data-element_type=\"container\" data-e-type=\"container\">\n\t\t\t\t\t<div class=\"e-con-inner\">\n\t\t\t\t<div class=\"elementor-element elementor-element-bbe5c33 elementor-widget elementor-widget-heading\" data-id=\"bbe5c33\" data-element_type=\"widget\" data-e-type=\"widget\" data-widget_type=\"heading.default\">\n\t\t\t\t<div class=\"elementor-widget-container\">\n\t\t\t\t\t<h2 class=\"elementor-heading-title elementor-size-default\">Tunne. Sidottuna kauniiksi kimpuksi.<\/h2>\t\t\t\t<\/div>\n\t\t\t\t<\/div>\n\t\t\t\t<div class=\"elementor-element elementor-element-720a4cc elementor-widget elementor-widget-text-editor\" data-id=\"720a4cc\" data-element_type=\"widget\" data-e-type=\"widget\" data-widget_type=\"text-editor.default\">\n\t\t\t\t<div class=\"elementor-widget-container\">\n\t\t\t\t\t\t\t\t\t<p><strong>OMA KUKKA<\/strong> lumoaa laadukkailla kukilla el\u00e4m\u00e4n jokaisessa hetkess\u00e4.\u00a0 <br \/>Monipuolisesta valikoimastamme l\u00f6yd\u00e4t valmiita kimppuja omaan kotiin tai vaikka lahjaksi yst\u00e4v\u00e4lle.<\/p><p><strong>OMA KUKKA<\/strong> loistaa my\u00f6s syntym\u00e4p\u00e4iv\u00e4-, h\u00e4\u00e4- ja hautajaiskukkien tarjonnassa. <br \/>Ja tottakai voit my\u00f6s tilata eri tilaisuuksiin kauniit kukat niin kimppuina kuin asetelminakin.<\/p><p>Ammattitaitoinen henkil\u00f6kuntamme auttaa sinua l\u00f6yt\u00e4m\u00e4\u00e4n juuri ne t\u00e4ydelliset kukat.<\/p><p><strong>TERVETULOA PALVELTAVAKSI.<\/strong><\/p>\t\t\t\t\t\t\t\t<\/div>\n\t\t\t\t<\/div>\n\t\t\t\t\t<\/div>\n\t\t\t\t<\/div>\n\t\t\t\t\t<\/div>\n\t\t\t\t<\/div>\n\t\t<div class=\"elementor-element elementor-element-bf34d3b e-flex e-con-boxed elementor-invisible e-con e-parent\" data-id=\"bf34d3b\" data-element_type=\"container\" data-e-type=\"container\" data-settings=\"{&quot;animation&quot;:&quot;fadeIn&quot;}\">\n\t\t\t\t\t<div class=\"e-con-inner\">\n\t\t<div class=\"elementor-element elementor-element-e3b7cde e-con-full e-flex e-con e-child\" data-id=\"e3b7cde\" data-element_type=\"container\" data-e-type=\"container\" data-settings=\"{&quot;background_background&quot;:&quot;classic&quot;}\">\n\t\t\t\t<div class=\"elementor-element elementor-element-8545195 elementor-invisible elementor-widget elementor-widget-image\" data-id=\"8545195\" data-element_type=\"widget\" data-e-type=\"widget\" data-settings=\"{&quot;_animation&quot;:&quot;fadeIn&quot;}\" data-widget_type=\"image.default\">\n\t\t\t\t<div class=\"elementor-widget-container\">\n\t\t\t\t\t\t\t\t\t\t\t\t\t\t\t\t<a href=\"https:\/\/omakukka.ekukka.fi\/\">\n\t\t\t\t\t\t\t<img fetchpriority=\"high\" decoding=\"async\" width=\"800\" height=\"534\" src=\"https:\/\/omakukka.fi\/wp-content\/uploads\/2024\/04\/TILAUS.jpg\" class=\"attachment-large size-large wp-image-254\" alt=\"\" srcset=\"https:\/\/omakukka.fi\/wp-content\/uploads\/2024\/04\/TILAUS.jpg 900w, https:\/\/omakukka.fi\/wp-content\/uploads\/2024\/04\/TILAUS-300x200.jpg 300w, https:\/\/omakukka.fi\/wp-content\/uploads\/2024\/04\/TILAUS-768x513.jpg 768w\" sizes=\"(max-width: 800px) 100vw, 800px\" \/>\t\t\t\t\t\t\t\t<\/a>\n\t\t\t\t\t\t\t\t\t\t\t\t\t\t\t<\/div>\n\t\t\t\t<\/div>\n\t\t\t\t<div class=\"elementor-element elementor-element-ff82bed elementor-widget elementor-widget-heading\" data-id=\"ff82bed\" data-element_type=\"widget\" data-e-type=\"widget\" data-widget_type=\"heading.default\">\n\t\t\t\t<div class=\"elementor-widget-container\">\n\t\t\t\t\t<h2 class=\"elementor-heading-title elementor-size-default\">VERKKOKAUPPA<\/h2>\t\t\t\t<\/div>\n\t\t\t\t<\/div>\n\t\t\t\t<div class=\"elementor-element elementor-element-ee3a894 elementor-align-center elementor-widget elementor-widget-button\" data-id=\"ee3a894\" data-element_type=\"widget\" data-e-type=\"widget\" data-widget_type=\"button.default\">\n\t\t\t\t<div class=\"elementor-widget-container\">\n\t\t\t\t\t\t\t\t\t<div class=\"elementor-button-wrapper\">\n\t\t\t\t\t<a class=\"elementor-button elementor-button-link elementor-size-sm elementor-animation-shrink\" href=\"https:\/\/omakukka.ekukka.fi\/\">\n\t\t\t\t\t\t<span class=\"elementor-button-content-wrapper\">\n\t\t\t\t\t\t\t\t\t<span class=\"elementor-button-text\">TILAA KUKAT<\/span>\n\t\t\t\t\t<\/span>\n\t\t\t\t\t<\/a>\n\t\t\t\t<\/div>\n\t\t\t\t\t\t\t\t<\/div>\n\t\t\t\t<\/div>\n\t\t\t\t<\/div>\n\t\t<div class=\"elementor-element elementor-element-851bbf6 e-con-full e-flex e-con e-child\" data-id=\"851bbf6\" data-element_type=\"container\" data-e-type=\"container\" data-settings=\"{&quot;background_background&quot;:&quot;classic&quot;}\">\n\t\t\t\t<div class=\"elementor-element elementor-element-d501c5f elementor-invisible elementor-widget elementor-widget-image\" data-id=\"d501c5f\" data-element_type=\"widget\" data-e-type=\"widget\" data-settings=\"{&quot;_animation&quot;:&quot;fadeIn&quot;}\" data-widget_type=\"image.default\">\n\t\t\t\t<div class=\"elementor-widget-container\">\n\t\t\t\t\t\t\t\t\t\t\t\t\t\t\t\t<a href=\"https:\/\/omakukka.fi\/index.php\/kartta\/\">\n\t\t\t\t\t\t\t<img decoding=\"async\" width=\"800\" height=\"534\" src=\"https:\/\/omakukka.fi\/wp-content\/uploads\/2024\/04\/KURIIRI.jpg\" class=\"attachment-large size-large wp-image-253\" alt=\"\" srcset=\"https:\/\/omakukka.fi\/wp-content\/uploads\/2024\/04\/KURIIRI.jpg 900w, https:\/\/omakukka.fi\/wp-content\/uploads\/2024\/04\/KURIIRI-300x200.jpg 300w, https:\/\/omakukka.fi\/wp-content\/uploads\/2024\/04\/KURIIRI-768x513.jpg 768w\" sizes=\"(max-width: 800px) 100vw, 800px\" \/>\t\t\t\t\t\t\t\t<\/a>\n\t\t\t\t\t\t\t\t\t\t\t\t\t\t\t<\/div>\n\t\t\t\t<\/div>\n\t\t\t\t<div class=\"elementor-element elementor-element-43abf3e elementor-widget elementor-widget-heading\" data-id=\"43abf3e\" data-element_type=\"widget\" data-e-type=\"widget\" data-widget_type=\"heading.default\">\n\t\t\t\t<div class=\"elementor-widget-container\">\n\t\t\t\t\t<h2 class=\"elementor-heading-title elementor-size-default\">KOTIINKULJETUS <\/h2>\t\t\t\t<\/div>\n\t\t\t\t<\/div>\n\t\t\t\t<div class=\"elementor-element elementor-element-49f71e1 elementor-align-center elementor-widget elementor-widget-button\" data-id=\"49f71e1\" data-element_type=\"widget\" data-e-type=\"widget\" data-widget_type=\"button.default\">\n\t\t\t\t<div class=\"elementor-widget-container\">\n\t\t\t\t\t\t\t\t\t<div class=\"elementor-button-wrapper\">\n\t\t\t\t\t<a class=\"elementor-button elementor-button-link elementor-size-sm elementor-animation-shrink\" href=\"https:\/\/omakukka.fi\/index.php\/kartta\/\">\n\t\t\t\t\t\t<span class=\"elementor-button-content-wrapper\">\n\t\t\t\t\t\t\t\t\t<span class=\"elementor-button-text\">PALVELUALUE<\/span>\n\t\t\t\t\t<\/span>\n\t\t\t\t\t<\/a>\n\t\t\t\t<\/div>\n\t\t\t\t\t\t\t\t<\/div>\n\t\t\t\t<\/div>\n\t\t\t\t<\/div>\n\t\t<div class=\"elementor-element elementor-element-9794247 e-con-full e-flex e-con e-child\" data-id=\"9794247\" data-element_type=\"container\" data-e-type=\"container\">\n\t\t\t\t<div class=\"elementor-element elementor-element-77fbfe0 elementor-invisible elementor-widget elementor-widget-image\" data-id=\"77fbfe0\" data-element_type=\"widget\" data-e-type=\"widget\" data-settings=\"{&quot;_animation&quot;:&quot;fadeIn&quot;}\" data-widget_type=\"image.default\">\n\t\t\t\t<div class=\"elementor-widget-container\">\n\t\t\t\t\t\t\t\t\t\t\t\t\t\t\t\t<a href=\"https:\/\/omakukka.fi\/index.php\/kuvavitriini\/\">\n\t\t\t\t\t\t\t<img decoding=\"async\" width=\"800\" height=\"534\" src=\"https:\/\/omakukka.fi\/wp-content\/uploads\/2024\/04\/VITRIINI.jpg\" class=\"attachment-large size-large wp-image-255\" alt=\"\" srcset=\"https:\/\/omakukka.fi\/wp-content\/uploads\/2024\/04\/VITRIINI.jpg 900w, https:\/\/omakukka.fi\/wp-content\/uploads\/2024\/04\/VITRIINI-300x200.jpg 300w, https:\/\/omakukka.fi\/wp-content\/uploads\/2024\/04\/VITRIINI-768x513.jpg 768w\" sizes=\"(max-width: 800px) 100vw, 800px\" \/>\t\t\t\t\t\t\t\t<\/a>\n\t\t\t\t\t\t\t\t\t\t\t\t\t\t\t<\/div>\n\t\t\t\t<\/div>\n\t\t\t\t<div class=\"elementor-element elementor-element-546f16a elementor-widget elementor-widget-heading\" data-id=\"546f16a\" data-element_type=\"widget\" data-e-type=\"widget\" data-widget_type=\"heading.default\">\n\t\t\t\t<div class=\"elementor-widget-container\">\n\t\t\t\t\t<h2 class=\"elementor-heading-title elementor-size-default\">ILOA EL\u00c4M\u00c4\u00c4N!<\/h2>\t\t\t\t<\/div>\n\t\t\t\t<\/div>\n\t\t\t\t<div class=\"elementor-element elementor-element-fbd50ba elementor-align-center elementor-widget elementor-widget-button\" data-id=\"fbd50ba\" data-element_type=\"widget\" data-e-type=\"widget\" data-widget_type=\"button.default\">\n\t\t\t\t<div class=\"elementor-widget-container\">\n\t\t\t\t\t\t\t\t\t<div class=\"elementor-button-wrapper\">\n\t\t\t\t\t<a class=\"elementor-button elementor-button-link elementor-size-sm elementor-animation-shrink\" href=\"https:\/\/omakukka.fi\/index.php\/kuvavitriini\/\">\n\t\t\t\t\t\t<span class=\"elementor-button-content-wrapper\">\n\t\t\t\t\t\t\t\t\t<span class=\"elementor-button-text\">KUVAVITRIINI<\/span>\n\t\t\t\t\t<\/span>\n\t\t\t\t\t<\/a>\n\t\t\t\t<\/div>\n\t\t\t\t\t\t\t\t<\/div>\n\t\t\t\t<\/div>\n\t\t\t\t<\/div>\n\t\t\t\t\t<\/div>\n\t\t\t\t<\/div>\n\t\t<div class=\"elementor-element elementor-element-583499f e-flex e-con-boxed elementor-invisible e-con e-parent\" data-id=\"583499f\" data-element_type=\"container\" data-e-type=\"container\" data-settings=\"{&quot;animation&quot;:&quot;fadeIn&quot;}\">\n\t\t\t\t\t<div class=\"e-con-inner\">\n\t\t\t\t<div class=\"elementor-element elementor-element-010fb90 elementor-widget elementor-widget-heading\" data-id=\"010fb90\" data-element_type=\"widget\" data-e-type=\"widget\" data-widget_type=\"heading.default\">\n\t\t\t\t<div class=\"elementor-widget-container\">\n\t\t\t\t\t<h2 class=\"elementor-heading-title elementor-size-default\">OMA KUKKA PALVELEE<br>MA-PE 10-18  \u2022   LA 10-16 \u2022 SU SULJETTU<\/h2>\t\t\t\t<\/div>\n\t\t\t\t<\/div>\n\t\t\t\t\t<\/div>\n\t\t\t\t<\/div>\n\t\t\t\t<\/div>\n\t\t","protected":false},"excerpt":{"rendered":"<p>https:\/\/omakukka.fi\/wp-content\/uploads\/2024\/04\/OMAKUKKA_NELIO_30.mp4 Tunne. Sidottuna kauniiksi kimpuksi. OMA KUKKA lumoaa laadukkailla kukilla el\u00e4m\u00e4n jokaisessa hetkess\u00e4.\u00a0 Monipuolisesta valikoimastamme l\u00f6yd\u00e4t valmiita kimppuja omaan kotiin tai vaikka lahjaksi yst\u00e4v\u00e4lle. OMA KUKKA loistaa my\u00f6s syntym\u00e4p\u00e4iv\u00e4-, h\u00e4\u00e4- ja hautajaiskukkien tarjonnassa. Ja tottakai voit my\u00f6s tilata eri tilaisuuksiin kauniit kukat niin kimppuina kuin asetelminakin. Ammattitaitoinen henkil\u00f6kuntamme auttaa sinua l\u00f6yt\u00e4m\u00e4\u00e4n juuri ne t\u00e4ydelliset kukat. [&hellip;]<\/p>\n","protected":false},"author":1,"featured_media":0,"parent":0,"menu_order":0,"comment_status":"closed","ping_status":"closed","template":"","meta":{"footnotes":""},"class_list":["post-13","page","type-page","status-publish","hentry"],"_links":{"self":[{"href":"https:\/\/omakukka.fi\/index.php\/wp-json\/wp\/v2\/pages\/13","targetHints":{"allow":["GET"]}}],"collection":[{"href":"https:\/\/omakukka.fi\/index.php\/wp-json\/wp\/v2\/pages"}],"about":[{"href":"https:\/\/omakukka.fi\/index.php\/wp-json\/wp\/v2\/types\/page"}],"author":[{"embeddable":true,"href":"https:\/\/omakukka.fi\/index.php\/wp-json\/wp\/v2\/users\/1"}],"replies":[{"embeddable":true,"href":"https:\/\/omakukka.fi\/index.php\/wp-json\/wp\/v2\/comments?post=13"}],"version-history":[{"count":154,"href":"https:\/\/omakukka.fi\/index.php\/wp-json\/wp\/v2\/pages\/13\/revisions"}],"predecessor-version":[{"id":457,"href":"https:\/\/omakukka.fi\/index.php\/wp-json\/wp\/v2\/pages\/13\/revisions\/457"}],"wp:attachment":[{"href":"https:\/\/omakukka.fi\/index.php\/wp-json\/wp\/v2\/media?parent=13"}],"curies":[{"name":"wp","href":"https:\/\/api.w.org\/{rel}","templated":true}]}}